{"id":18,"date":"2020-03-27T12:59:07","date_gmt":"2020-03-27T11:59:07","guid":{"rendered":"http:\/\/linecharette.com\/?page_id=18"},"modified":"2022-02-14T10:47:36","modified_gmt":"2022-02-14T15:47:36","slug":"accueil","status":"publish","type":"page","link":"https:\/\/linecharette.com\/","title":{"rendered":"Accueil"},"content":{"rendered":"\n<h2 class=\"has-text-align-center has-text-color wp-block-heading\" style=\"color:#e78723\"> C&rsquo;est le temps des imp\u00f4ts!   <\/h2>\n\n\n\n<p class=\"has-text-align-center has-medium-font-size\"> On pense \u00e0 tout\u2026. pour vous!   <\/p>\n\n\n\n<div class=\"wp-block-columns is-layout-flex wp-container-core-columns-is-layout-28f84493 wp-block-columns-is-layout-flex\">\n<div class=\"wp-block-column has-white-color has-white-background-color has-text-color has-background is-layout-flow wp-block-column-is-layout-flow\" style=\"flex-basis:100px\"><\/div>\n\n\n\n<div class=\"wp-block-column is-layout-flow wp-block-column-is-layout-flow\"><a href=\"https:\/\/linecharette.com\/wp-content\/uploads\/2022\/02\/LC-CARTON-IMPOT-22-1.pdf\" class=\"pdfemb-viewer\" style=\"\" data-width=\"max\" data-height=\"max\" data-toolbar=\"bottom\" data-toolbar-fixed=\"off\">LC-CARTON-IMPOT-22-1<\/a>\n<p class=\"wp-block-pdfemb-pdf-embedder-viewer\"><\/p>\n<\/div>\n\n\n\n<div class=\"wp-block-column is-layout-flow wp-block-column-is-layout-flow\" style=\"flex-basis:100px\"><\/div>\n<\/div>\n\n\n\n<hr class=\"wp-block-separator\"\/>\n\n\n\n<div class=\"wp-block-columns is-layout-flex wp-container-core-columns-is-layout-28f84493 wp-block-columns-is-layout-flex\">\n<div class=\"wp-block-column is-layout-flow wp-block-column-is-layout-flow\" style=\"flex-basis:66.66%\">\n<h3 class=\"has-text-align-center has-text-color wp-block-heading\" style=\"color:#e78723\">Vous n\u2019en pouvez plus de la paperasse? <\/h3>\n\n\n\n<p class=\"has-text-align-left\">Chez <strong>Gestion de PME Line Charette<\/strong>, nous vous lib\u00e9rons de ces tracas par une prise en charge compl\u00e8te ou partielle &#8211; selon vos besoins &#8211; de vos dossiers financiers et comptables.  Cr\u00e9dits d\u2019imp\u00f4t, taxes de vente, \u00e9tat de r\u00e9sultats, \u00e9tats financiers, acomptes provisionnels, pr\u00e9paration des paies, REER, REEE, RAP, CELI, etc.  <strong><em>Tout ceci vous rebute?  Nous, on adore!<\/em><\/strong>  <\/p>\n<\/div>\n\n\n\n<div class=\"wp-block-column is-layout-flow wp-block-column-is-layout-flow\" style=\"flex-basis:33.33%\">\n<figure class=\"wp-block-image size-large\"><img loading=\"lazy\" decoding=\"async\" width=\"1024\" height=\"683\" src=\"http:\/\/linecharette.com\/wp-content\/uploads\/2020\/03\/COUPLEPAPERASSE-1024x683.jpg\" alt=\"\" class=\"wp-image-19\" srcset=\"https:\/\/linecharette.com\/wp-content\/uploads\/2020\/03\/COUPLEPAPERASSE-1024x683.jpg 1024w, https:\/\/linecharette.com\/wp-content\/uploads\/2020\/03\/COUPLEPAPERASSE-300x200.jpg 300w, https:\/\/linecharette.com\/wp-content\/uploads\/2020\/03\/COUPLEPAPERASSE-768x512.jpg 768w, https:\/\/linecharette.com\/wp-content\/uploads\/2020\/03\/COUPLEPAPERASSE-1536x1024.jpg 1536w, https:\/\/linecharette.com\/wp-content\/uploads\/2020\/03\/COUPLEPAPERASSE-2048x1366.jpg 2048w\" sizes=\"auto, (max-width: 1024px) 100vw, 1024px\" \/><\/figure>\n\n\n\n<h3 class=\"has-text-align-center has-text-color wp-block-heading\" style=\"color:#e78723\">Fini les soucis ! <\/h3>\n<\/div>\n<\/div>\n\n\n\n<hr class=\"wp-block-separator\"\/>\n\n\n\n<div class=\"wp-block-columns is-layout-flex wp-container-core-columns-is-layout-28f84493 wp-block-columns-is-layout-flex\">\n<div class=\"wp-block-column is-layout-flow wp-block-column-is-layout-flow\" style=\"flex-basis:33.33%\">\n<figure class=\"wp-block-image size-large\"><img loading=\"lazy\" decoding=\"async\" width=\"1024\" height=\"683\" src=\"http:\/\/linecharette.com\/wp-content\/uploads\/2020\/03\/E\u2560\u00fcCONOMIECOCHONAUTOHOMME-1024x683.jpeg\" alt=\"\" class=\"wp-image-21\" srcset=\"https:\/\/linecharette.com\/wp-content\/uploads\/2020\/03\/E\u2560\u00fcCONOMIECOCHONAUTOHOMME-1024x683.jpeg 1024w, https:\/\/linecharette.com\/wp-content\/uploads\/2020\/03\/E\u2560\u00fcCONOMIECOCHONAUTOHOMME-300x200.jpeg 300w, https:\/\/linecharette.com\/wp-content\/uploads\/2020\/03\/E\u2560\u00fcCONOMIECOCHONAUTOHOMME-768x512.jpeg 768w, https:\/\/linecharette.com\/wp-content\/uploads\/2020\/03\/E\u2560\u00fcCONOMIECOCHONAUTOHOMME-1536x1024.jpeg 1536w, https:\/\/linecharette.com\/wp-content\/uploads\/2020\/03\/E\u2560\u00fcCONOMIECOCHONAUTOHOMME-2048x1366.jpeg 2048w\" sizes=\"auto, (max-width: 1024px) 100vw, 1024px\" \/><\/figure>\n\n\n\n<h3 class=\"has-text-align-center has-text-color wp-block-heading\" style=\"color:#e78723\"> Profitez de la vie &#8230; <\/h3>\n<\/div>\n\n\n\n<div class=\"wp-block-column is-layout-flow wp-block-column-is-layout-flow\" style=\"flex-basis:66.66%\">\n<h3 class=\"has-text-align-left has-text-color wp-block-heading\" style=\"color:#e78723\">et consacrez-vous enfin \u00e0 la croissance de votre organisation! <\/h3>\n\n\n\n<p>  Chez <strong>Gestion de PME Line Charette<\/strong>, notre objectif est de participer \u00e0 l\u2019essor des entreprises et des organismes en mettant \u00e0 contribution nos expertises en comptabilit\u00e9 et en gestion.  <strong><em>Ainsi, vous pouvez vous consacrer pleinement au d\u00e9veloppement de votre PME ou de votre OBNL<\/em><\/strong>.  <\/p>\n<\/div>\n<\/div>\n\n\n\n<hr class=\"wp-block-separator\"\/>\n\n\n\n<div class=\"wp-block-columns is-layout-flex wp-container-core-columns-is-layout-28f84493 wp-block-columns-is-layout-flex\">\n<div class=\"wp-block-column is-layout-flow wp-block-column-is-layout-flow\" style=\"flex-basis:66.66%\">\n<h3 class=\"has-text-align-center has-text-color wp-block-heading\" style=\"color:#e78723\">  Besoin d&rsquo;aide ? <\/h3>\n\n\n\n<p class=\"has-text-align-left\"> Il suffit de nous faire signe.  Que vous soyez un particulier, un chef d\u2019entreprise, une PME ou un OBNL, <strong>Gestion de PME Line Charette <\/strong>met \u00e0 votre enti\u00e8re disposition toutes les forces de son \u00e9quipe multidisciplinaire  afin de vous guider dans vos prises de d\u00e9cision. Nous allons \u00e0 votre rencontre afin de bien saisir les enjeux de votre quotidien et et les d\u00e9fis auxquels vous devez faire face. Que vous soyez dans le domaine de l\u2019assurance, des \ufb01nances, du commerce de d\u00e9tail, de la production agricole,  de l\u2019exp\u00e9dition, de la construction ou encore des organisme \u00e0 caract\u00e8re social, <br><strong><em>ensemble, nous mettrons en place un plan qui saura r\u00e9pondre \u00e0 vos multiples besoins.<\/em><\/strong> <\/p>\n<\/div>\n\n\n\n<div class=\"wp-block-column is-layout-flow wp-block-column-is-layout-flow\" style=\"flex-basis:33.33%\">\n<figure class=\"wp-block-image size-large\"><img loading=\"lazy\" decoding=\"async\" width=\"1024\" height=\"683\" src=\"http:\/\/linecharette.com\/wp-content\/uploads\/2020\/03\/MAINSAUSECOURS-1024x683.jpg\" alt=\"\" class=\"wp-image-22\" srcset=\"https:\/\/linecharette.com\/wp-content\/uploads\/2020\/03\/MAINSAUSECOURS-1024x683.jpg 1024w, https:\/\/linecharette.com\/wp-content\/uploads\/2020\/03\/MAINSAUSECOURS-300x200.jpg 300w, https:\/\/linecharette.com\/wp-content\/uploads\/2020\/03\/MAINSAUSECOURS-768x512.jpg 768w, https:\/\/linecharette.com\/wp-content\/uploads\/2020\/03\/MAINSAUSECOURS-1536x1024.jpg 1536w, https:\/\/linecharette.com\/wp-content\/uploads\/2020\/03\/MAINSAUSECOURS-2048x1366.jpg 2048w\" sizes=\"auto, (max-width: 1024px) 100vw, 1024px\" \/><\/figure>\n\n\n\n<h3 class=\"has-text-align-center has-text-color wp-block-heading\" style=\"color:#e78723\">Nous sommes l\u00e0! <\/h3>\n<\/div>\n<\/div>\n\n\n\n<hr class=\"wp-block-separator\"\/>\n\n\n\n<figure class=\"wp-block-image size-large\"><img loading=\"lazy\" decoding=\"async\" width=\"1024\" height=\"683\" src=\"https:\/\/linecharette.com\/wp-content\/uploads\/2020\/03\/Femmecomptableorange-5-1024x683.jpg\" alt=\"\" class=\"wp-image-23\" srcset=\"https:\/\/linecharette.com\/wp-content\/uploads\/2020\/03\/Femmecomptableorange-5-1024x683.jpg 1024w, https:\/\/linecharette.com\/wp-content\/uploads\/2020\/03\/Femmecomptableorange-5-300x200.jpg 300w, https:\/\/linecharette.com\/wp-content\/uploads\/2020\/03\/Femmecomptableorange-5-768x512.jpg 768w, https:\/\/linecharette.com\/wp-content\/uploads\/2020\/03\/Femmecomptableorange-5-1536x1024.jpg 1536w, https:\/\/linecharette.com\/wp-content\/uploads\/2020\/03\/Femmecomptableorange-5-2048x1365.jpg 2048w\" sizes=\"auto, (max-width: 1024px) 100vw, 1024px\" \/><\/figure>\n\n\n\n<h3 class=\"has-text-align-center has-text-color wp-block-heading\" style=\"color:#e78723\">Nous trouvons des solutions<\/h3>\n","protected":false},"excerpt":{"rendered":"<p>C&rsquo;est le temps des imp\u00f4ts! On pense \u00e0 tout\u2026. pour vous! Vous n\u2019en pouvez plus de la paperasse? Chez Gestion de PME Line Charette, nous vous lib\u00e9rons de ces tracas par une prise en charge compl\u00e8te ou partielle &#8211; selon vos besoins &#8211; de vos dossiers financiers et comptables. Cr\u00e9dits d\u2019imp\u00f4t, taxes de vente, \u00e9tat [&hellip;]<\/p>\n","protected":false},"author":1,"featured_media":0,"parent":0,"menu_order":0,"comment_status":"closed","ping_status":"closed","template":"page-templates\/pagebuilder.php","meta":{"zakra_page_container_layout":"contained","zakra_page_sidebar_layout":"no_sidebar","zakra_remove_content_margin":true,"zakra_sidebar":"customizer","zakra_transparent_header":"customizer","zakra_logo":0,"zakra_main_header_style":"default","zakra_menu_item_color":"","zakra_menu_item_hover_color":"","zakra_menu_item_active_color":"","zakra_menu_active_style":"","zakra_page_header":true,"footnotes":""},"class_list":["post-18","page","type-page","status-publish","hentry"],"_links":{"self":[{"href":"https:\/\/linecharette.com\/index.php?rest_route=\/wp\/v2\/pages\/18","targetHints":{"allow":["GET"]}}],"collection":[{"href":"https:\/\/linecharette.com\/index.php?rest_route=\/wp\/v2\/pages"}],"about":[{"href":"https:\/\/linecharette.com\/index.php?rest_route=\/wp\/v2\/types\/page"}],"author":[{"embeddable":true,"href":"https:\/\/linecharette.com\/index.php?rest_route=\/wp\/v2\/users\/1"}],"replies":[{"embeddable":true,"href":"https:\/\/linecharette.com\/index.php?rest_route=%2Fwp%2Fv2%2Fcomments&post=18"}],"version-history":[{"count":108,"href":"https:\/\/linecharette.com\/index.php?rest_route=\/wp\/v2\/pages\/18\/revisions"}],"predecessor-version":[{"id":243,"href":"https:\/\/linecharette.com\/index.php?rest_route=\/wp\/v2\/pages\/18\/revisions\/243"}],"wp:attachment":[{"href":"https:\/\/linecharette.com\/index.php?rest_route=%2Fwp%2Fv2%2Fmedia&parent=18"}],"curies":[{"name":"wp","href":"https:\/\/api.w.org\/{rel}","templated":true}]}}